{"id":66,"date":"2023-04-27T16:19:35","date_gmt":"2023-04-27T19:19:35","guid":{"rendered":"https:\/\/proexatas.com\/?page_id=66"},"modified":"2025-03-22T14:53:19","modified_gmt":"2025-03-22T17:53:19","slug":"fisica","status":"publish","type":"page","link":"https:\/\/proexatas.com\/index.php\/fisica\/","title":{"rendered":"F\u00edsica"},"content":{"rendered":"\n<blockquote class=\"wp-block-quote is-layout-flow wp-block-quote-is-layout-flow\">\n<p>\u201cA verdade \u00e9 aquilo que resiste ao teste da experi\u00eancia.\u201d (Albert Einstein)<\/p>\n<\/blockquote>\n\n\n\n<p><\/p>\n\n\n\n<div class=\"wp-block-group\"><div class=\"wp-block-group__inner-container is-layout-constrained wp-block-group-is-layout-constrained\">\n<div class=\"wp-block-columns is-layout-flex wp-container-core-columns-is-layout-28f84493 wp-block-columns-is-layout-flex\">\n<div class=\"wp-block-column is-layout-flow wp-block-column-is-layout-flow\">\n<p class=\"has-text-align-center\">Publica\u00e7\u00f5es<\/p>\n\n\n<div class=\"wp-block-image\">\n<figure class=\"aligncenter size-full is-resized\"><a href=\"https:\/\/proexatas.com\/index.php\/publicacoes-de-fisica\/\" target=\"_blank\" rel=\"noreferrer noopener\"><img loading=\"lazy\" decoding=\"async\" width=\"920\" height=\"606\" src=\"https:\/\/proexatas.com\/wp-content\/uploads\/2023\/05\/publicacao-1.png\" alt=\"\" class=\"wp-image-277\" style=\"width:160px;height:105px\" srcset=\"https:\/\/proexatas.com\/wp-content\/uploads\/2023\/05\/publicacao-1.png 920w, https:\/\/proexatas.com\/wp-content\/uploads\/2023\/05\/publicacao-1-600x395.png 600w, https:\/\/proexatas.com\/wp-content\/uploads\/2023\/05\/publicacao-1-300x198.png 300w, https:\/\/proexatas.com\/wp-content\/uploads\/2023\/05\/publicacao-1-768x506.png 768w\" sizes=\"auto, (max-width: 920px) 100vw, 920px\" \/><\/a><\/figure>\n<\/div><\/div>\n\n\n\n<div class=\"wp-block-column is-layout-flow wp-block-column-is-layout-flow\">\n<p class=\"has-text-align-center\">Videoaulas<\/p>\n\n\n<div class=\"wp-block-image\">\n<figure class=\"aligncenter size-full is-resized\"><a href=\"https:\/\/proexatas.com\/index.php\/videoaulas-de-fisica\/\" target=\"_blank\" rel=\"noreferrer noopener\"><img loading=\"lazy\" decoding=\"async\" width=\"512\" height=\"512\" src=\"https:\/\/proexatas.com\/wp-content\/uploads\/2023\/05\/videoaula.png\" alt=\"\" class=\"wp-image-400\" style=\"width:98px;height:98px\" srcset=\"https:\/\/proexatas.com\/wp-content\/uploads\/2023\/05\/videoaula.png 512w, https:\/\/proexatas.com\/wp-content\/uploads\/2023\/05\/videoaula-230x230.png 230w, https:\/\/proexatas.com\/wp-content\/uploads\/2023\/05\/videoaula-160x160.png 160w, https:\/\/proexatas.com\/wp-content\/uploads\/2023\/05\/videoaula-300x300.png 300w, https:\/\/proexatas.com\/wp-content\/uploads\/2023\/05\/videoaula-150x150.png 150w\" sizes=\"auto, (max-width: 512px) 100vw, 512px\" \/><\/a><\/figure>\n<\/div><\/div>\n\n\n\n<div class=\"wp-block-column is-layout-flow wp-block-column-is-layout-flow\">\n<p class=\"has-text-align-center\">Banco de Quest\u00f5es<\/p>\n\n\n<div class=\"wp-block-image\">\n<figure class=\"aligncenter size-full is-resized\"><a href=\"https:\/\/proexatas.com\/index.php\/banco-de-fisica\/\" target=\"_blank\" rel=\"noreferrer noopener\"><img loading=\"lazy\" decoding=\"async\" width=\"464\" height=\"463\" src=\"https:\/\/proexatas.com\/wp-content\/uploads\/2023\/05\/icon-banco.png\" alt=\"\" class=\"wp-image-305\" style=\"width:116px;height:115px\" srcset=\"https:\/\/proexatas.com\/wp-content\/uploads\/2023\/05\/icon-banco.png 464w, https:\/\/proexatas.com\/wp-content\/uploads\/2023\/05\/icon-banco-230x230.png 230w, https:\/\/proexatas.com\/wp-content\/uploads\/2023\/05\/icon-banco-160x160.png 160w, https:\/\/proexatas.com\/wp-content\/uploads\/2023\/05\/icon-banco-300x300.png 300w, https:\/\/proexatas.com\/wp-content\/uploads\/2023\/05\/icon-banco-150x150.png 150w\" sizes=\"auto, (max-width: 464px) 100vw, 464px\" \/><\/a><\/figure>\n<\/div><\/div>\n<\/div>\n<\/div><\/div>\n\n\n\n<hr class=\"wp-block-separator has-alpha-channel-opacity\"\/>\n\n\n\n<p><\/p>\n","protected":false},"excerpt":{"rendered":"<p>\u201cA verdade \u00e9 aquilo que resiste ao teste da experi\u00eancia.\u201d (Albert Einstein) Publica\u00e7\u00f5es Videoaulas Banco de Quest\u00f5es<\/p>\n","protected":false},"author":1,"featured_media":0,"parent":0,"menu_order":0,"comment_status":"closed","ping_status":"closed","template":"","meta":{"_themeisle_gutenberg_block_has_review":false,"footnotes":""},"class_list":["post-66","page","type-page","status-publish","hentry"],"jetpack_sharing_enabled":true,"_links":{"self":[{"href":"https:\/\/proexatas.com\/index.php\/wp-json\/wp\/v2\/pages\/66","targetHints":{"allow":["GET"]}}],"collection":[{"href":"https:\/\/proexatas.com\/index.php\/wp-json\/wp\/v2\/pages"}],"about":[{"href":"https:\/\/proexatas.com\/index.php\/wp-json\/wp\/v2\/types\/page"}],"author":[{"embeddable":true,"href":"https:\/\/proexatas.com\/index.php\/wp-json\/wp\/v2\/users\/1"}],"replies":[{"embeddable":true,"href":"https:\/\/proexatas.com\/index.php\/wp-json\/wp\/v2\/comments?post=66"}],"version-history":[{"count":38,"href":"https:\/\/proexatas.com\/index.php\/wp-json\/wp\/v2\/pages\/66\/revisions"}],"predecessor-version":[{"id":1161,"href":"https:\/\/proexatas.com\/index.php\/wp-json\/wp\/v2\/pages\/66\/revisions\/1161"}],"wp:attachment":[{"href":"https:\/\/proexatas.com\/index.php\/wp-json\/wp\/v2\/media?parent=66"}],"curies":[{"name":"wp","href":"https:\/\/api.w.org\/{rel}","templated":true}]}}