{"id":558,"date":"2023-05-07T07:20:06","date_gmt":"2023-05-07T10:20:06","guid":{"rendered":"https:\/\/proexatas.com\/?page_id=558"},"modified":"2023-05-08T20:53:49","modified_gmt":"2023-05-08T23:53:49","slug":"banco-de-quimica","status":"publish","type":"page","link":"https:\/\/proexatas.com\/index.php\/banco-de-quimica\/","title":{"rendered":"Banco de Qu\u00edmica"},"content":{"rendered":"\n<div class=\"wp-block-columns is-layout-flex wp-container-core-columns-is-layout-28f84493 wp-block-columns-is-layout-flex\">\n<div class=\"wp-block-column is-layout-flow wp-block-column-is-layout-flow\">\n<p class=\"has-text-align-center\"><a href=\"https:\/\/proexatas.com\/index.php\/quimica-geral\/\"><em>\u2022 Qu\u00edmica Geral (04)<\/em><\/a><\/p>\n<\/div>\n\n\n\n<div class=\"wp-block-column is-layout-flow wp-block-column-is-layout-flow\">\n<p class=\"has-text-align-center\">F\u00edsico-Qu\u00edmica<\/p>\n<\/div>\n\n\n\n<div class=\"wp-block-column is-layout-flow wp-block-column-is-layout-flow\">\n<p class=\"has-text-align-center\">Qu\u00edmica Org\u00e2nica<\/p>\n<\/div>\n<\/div>\n","protected":false},"excerpt":{"rendered":"<p>\u2022 Qu\u00edmica Geral (04) F\u00edsico-Qu\u00edmica Qu\u00edmica Org\u00e2nica<\/p>\n","protected":false},"author":1,"featured_media":0,"parent":0,"menu_order":0,"comment_status":"closed","ping_status":"closed","template":"","meta":{"_themeisle_gutenberg_block_has_review":false,"footnotes":""},"class_list":["post-558","page","type-page","status-publish","hentry"],"jetpack_sharing_enabled":true,"_links":{"self":[{"href":"https:\/\/proexatas.com\/index.php\/wp-json\/wp\/v2\/pages\/558","targetHints":{"allow":["GET"]}}],"collection":[{"href":"https:\/\/proexatas.com\/index.php\/wp-json\/wp\/v2\/pages"}],"about":[{"href":"https:\/\/proexatas.com\/index.php\/wp-json\/wp\/v2\/types\/page"}],"author":[{"embeddable":true,"href":"https:\/\/proexatas.com\/index.php\/wp-json\/wp\/v2\/users\/1"}],"replies":[{"embeddable":true,"href":"https:\/\/proexatas.com\/index.php\/wp-json\/wp\/v2\/comments?post=558"}],"version-history":[{"count":6,"href":"https:\/\/proexatas.com\/index.php\/wp-json\/wp\/v2\/pages\/558\/revisions"}],"predecessor-version":[{"id":586,"href":"https:\/\/proexatas.com\/index.php\/wp-json\/wp\/v2\/pages\/558\/revisions\/586"}],"wp:attachment":[{"href":"https:\/\/proexatas.com\/index.php\/wp-json\/wp\/v2\/media?parent=558"}],"curies":[{"name":"wp","href":"https:\/\/api.w.org\/{rel}","templated":true}]}}