{"id":485,"date":"2023-05-04T15:27:49","date_gmt":"2023-05-04T18:27:49","guid":{"rendered":"https:\/\/proexatas.com\/?page_id=485"},"modified":"2025-03-22T14:54:27","modified_gmt":"2025-03-22T17:54:27","slug":"quimica","status":"publish","type":"page","link":"https:\/\/proexatas.com\/index.php\/quimica\/","title":{"rendered":"Qu\u00edmica"},"content":{"rendered":"\n<blockquote class=\"wp-block-quote is-layout-flow wp-block-quote-is-layout-flow\">\n<p>&#8220;Eu sou uma pessoa que acredita, como o Nobel, que a humanidade vai tirar mais coisas boas do que ruins de novas descobertas.&#8221; (Marie Curie)<\/p>\n<\/blockquote>\n\n\n\n<div class=\"wp-block-columns is-layout-flex wp-container-core-columns-is-layout-28f84493 wp-block-columns-is-layout-flex\">\n<div class=\"wp-block-column is-layout-flow wp-block-column-is-layout-flow\">\n<p class=\"has-text-align-center\">Publica\u00e7\u00f5es<\/p>\n\n\n<div class=\"wp-block-image\">\n<figure class=\"aligncenter size-full is-resized\"><a href=\"https:\/\/proexatas.com\/index.php\/publicacoes-de-quimica\/\" target=\"_blank\" rel=\"noreferrer noopener\"><img loading=\"lazy\" decoding=\"async\" width=\"920\" height=\"606\" src=\"https:\/\/proexatas.com\/wp-content\/uploads\/2023\/05\/image-1.png\" alt=\"\" class=\"wp-image-554\" style=\"width:161px;height:105px\" srcset=\"https:\/\/proexatas.com\/wp-content\/uploads\/2023\/05\/image-1.png 920w, https:\/\/proexatas.com\/wp-content\/uploads\/2023\/05\/image-1-600x395.png 600w, https:\/\/proexatas.com\/wp-content\/uploads\/2023\/05\/image-1-300x198.png 300w, https:\/\/proexatas.com\/wp-content\/uploads\/2023\/05\/image-1-768x506.png 768w\" sizes=\"auto, (max-width: 920px) 100vw, 920px\" \/><\/a><\/figure>\n<\/div><\/div>\n\n\n\n<div class=\"wp-block-column is-layout-flow wp-block-column-is-layout-flow\">\n<p class=\"has-text-align-center\">Videoaulas<\/p>\n\n\n<div class=\"wp-block-image\">\n<figure class=\"aligncenter size-full is-resized\"><a href=\"https:\/\/proexatas.com\/index.php\/videoaulas-de-quimica\/\" target=\"_blank\" rel=\"noreferrer noopener\"><img loading=\"lazy\" decoding=\"async\" width=\"512\" height=\"512\" src=\"https:\/\/proexatas.com\/wp-content\/uploads\/2023\/05\/videoaula.png\" alt=\"\" class=\"wp-image-400\" style=\"width:100px;height:100px\" srcset=\"https:\/\/proexatas.com\/wp-content\/uploads\/2023\/05\/videoaula.png 512w, https:\/\/proexatas.com\/wp-content\/uploads\/2023\/05\/videoaula-230x230.png 230w, https:\/\/proexatas.com\/wp-content\/uploads\/2023\/05\/videoaula-160x160.png 160w, https:\/\/proexatas.com\/wp-content\/uploads\/2023\/05\/videoaula-300x300.png 300w, https:\/\/proexatas.com\/wp-content\/uploads\/2023\/05\/videoaula-150x150.png 150w\" sizes=\"auto, (max-width: 512px) 100vw, 512px\" \/><\/a><\/figure>\n<\/div><\/div>\n\n\n\n<div class=\"wp-block-column is-layout-flow wp-block-column-is-layout-flow\">\n<p class=\"has-text-align-center\">Banco de Quest\u00f5es<\/p>\n\n\n<div class=\"wp-block-image\">\n<figure class=\"aligncenter size-full is-resized\"><a href=\"https:\/\/proexatas.com\/index.php\/banco-de-quimica\/\" target=\"_blank\" rel=\"noreferrer noopener\"><img loading=\"lazy\" decoding=\"async\" width=\"464\" height=\"463\" src=\"https:\/\/proexatas.com\/wp-content\/uploads\/2023\/05\/icon-banco.png\" alt=\"\" class=\"wp-image-305\" style=\"width:116px;height:115px\" srcset=\"https:\/\/proexatas.com\/wp-content\/uploads\/2023\/05\/icon-banco.png 464w, https:\/\/proexatas.com\/wp-content\/uploads\/2023\/05\/icon-banco-230x230.png 230w, https:\/\/proexatas.com\/wp-content\/uploads\/2023\/05\/icon-banco-160x160.png 160w, https:\/\/proexatas.com\/wp-content\/uploads\/2023\/05\/icon-banco-300x300.png 300w, https:\/\/proexatas.com\/wp-content\/uploads\/2023\/05\/icon-banco-150x150.png 150w\" sizes=\"auto, (max-width: 464px) 100vw, 464px\" \/><\/a><\/figure>\n<\/div><\/div>\n<\/div>\n\n\n\n<hr class=\"wp-block-separator has-alpha-channel-opacity\"\/>\n\n\n\n<p><\/p>\n","protected":false},"excerpt":{"rendered":"<p>&#8220;Eu sou uma pessoa que acredita, como o Nobel, que a humanidade vai tirar mais coisas boas do que ruins de novas descobertas.&#8221; (Marie Curie) Publica\u00e7\u00f5es Videoaulas Banco de Quest\u00f5es<\/p>\n","protected":false},"author":1,"featured_media":0,"parent":0,"menu_order":0,"comment_status":"closed","ping_status":"closed","template":"","meta":{"_themeisle_gutenberg_block_has_review":false,"footnotes":""},"class_list":["post-485","page","type-page","status-publish","hentry"],"jetpack_sharing_enabled":true,"_links":{"self":[{"href":"https:\/\/proexatas.com\/index.php\/wp-json\/wp\/v2\/pages\/485","targetHints":{"allow":["GET"]}}],"collection":[{"href":"https:\/\/proexatas.com\/index.php\/wp-json\/wp\/v2\/pages"}],"about":[{"href":"https:\/\/proexatas.com\/index.php\/wp-json\/wp\/v2\/types\/page"}],"author":[{"embeddable":true,"href":"https:\/\/proexatas.com\/index.php\/wp-json\/wp\/v2\/users\/1"}],"replies":[{"embeddable":true,"href":"https:\/\/proexatas.com\/index.php\/wp-json\/wp\/v2\/comments?post=485"}],"version-history":[{"count":12,"href":"https:\/\/proexatas.com\/index.php\/wp-json\/wp\/v2\/pages\/485\/revisions"}],"predecessor-version":[{"id":1163,"href":"https:\/\/proexatas.com\/index.php\/wp-json\/wp\/v2\/pages\/485\/revisions\/1163"}],"wp:attachment":[{"href":"https:\/\/proexatas.com\/index.php\/wp-json\/wp\/v2\/media?parent=485"}],"curies":[{"name":"wp","href":"https:\/\/api.w.org\/{rel}","templated":true}]}}