{"id":325,"date":"2023-05-01T10:43:38","date_gmt":"2023-05-01T13:43:38","guid":{"rendered":"https:\/\/proexatas.com\/?page_id=325"},"modified":"2025-04-05T10:57:07","modified_gmt":"2025-04-05T13:57:07","slug":"banco-de-matematica","status":"publish","type":"page","link":"https:\/\/proexatas.com\/index.php\/banco-de-matematica\/","title":{"rendered":"Banco de Matem\u00e1tica"},"content":{"rendered":"\n<div class=\"wp-block-columns is-layout-flex wp-container-core-columns-is-layout-28f84493 wp-block-columns-is-layout-flex\">\n<div class=\"wp-block-column is-layout-flow wp-block-column-is-layout-flow\">\n<p class=\"has-text-align-center\"><a href=\"https:\/\/proexatas.com\/index.php\/teoria-de-conjuntos\/\">\u2022 Teoria de Conjuntos<\/a><\/p>\n\n\n\n<p class=\"has-text-align-center\"><a href=\"https:\/\/proexatas.com\/index.php\/algebra-de-funcoes\/\">\u2022 \u00c1lgebra de Fun\u00e7\u00f5es<\/a><\/p>\n\n\n\n<p class=\"has-text-align-center\">Sequ\u00eancias e Progress\u00f5es<\/p>\n\n\n\n<p class=\"has-text-align-center\">Matem\u00e1tica Financeira<\/p>\n\n\n\n<p class=\"has-text-align-center\">Matrizes, Determinantes e Sistemas Lineares<\/p>\n\n\n\n<p class=\"has-text-align-center\">An\u00e1lise Combinat\u00f3ria<\/p>\n<\/div>\n\n\n\n<div class=\"wp-block-column is-layout-flow wp-block-column-is-layout-flow\">\n<p class=\"has-text-align-center\">C\u00e1lculo de Probabilidades<\/p>\n\n\n\n<p class=\"has-text-align-center\">An\u00e1lise Estat\u00edstica<\/p>\n\n\n\n<p class=\"has-text-align-center\">Trigonometria<\/p>\n\n\n\n<p class=\"has-text-align-center\">Geometria Plana<\/p>\n\n\n\n<p class=\"has-text-align-center\">Geometria Espacial<\/p>\n\n\n\n<p class=\"has-text-align-center\"><\/p>\n<\/div>\n\n\n\n<div class=\"wp-block-column is-layout-flow wp-block-column-is-layout-flow\">\n<p class=\"has-text-align-center\">Geometria Anal\u00edtica<\/p>\n\n\n\n<p class=\"has-text-align-center\">N\u00fameros Complexos<\/p>\n\n\n\n<p class=\"has-text-align-center\">Polin\u00f4mios e Equa\u00e7\u00f5es Alg\u00e9bricas<\/p>\n<\/div>\n<\/div>\n\n\n\n<p><\/p>\n","protected":false},"excerpt":{"rendered":"<p>\u2022 Teoria de Conjuntos \u2022 \u00c1lgebra de Fun\u00e7\u00f5es Sequ\u00eancias e Progress\u00f5es Matem\u00e1tica Financeira Matrizes, Determinantes e Sistemas Lineares An\u00e1lise Combinat\u00f3ria C\u00e1lculo de Probabilidades An\u00e1lise Estat\u00edstica Trigonometria Geometria Plana Geometria Espacial Geometria Anal\u00edtica N\u00fameros Complexos Polin\u00f4mios e Equa\u00e7\u00f5es Alg\u00e9bricas<\/p>\n","protected":false},"author":1,"featured_media":0,"parent":0,"menu_order":0,"comment_status":"closed","ping_status":"closed","template":"","meta":{"_themeisle_gutenberg_block_has_review":false,"footnotes":""},"class_list":["post-325","page","type-page","status-publish","hentry"],"jetpack_sharing_enabled":true,"_links":{"self":[{"href":"https:\/\/proexatas.com\/index.php\/wp-json\/wp\/v2\/pages\/325","targetHints":{"allow":["GET"]}}],"collection":[{"href":"https:\/\/proexatas.com\/index.php\/wp-json\/wp\/v2\/pages"}],"about":[{"href":"https:\/\/proexatas.com\/index.php\/wp-json\/wp\/v2\/types\/page"}],"author":[{"embeddable":true,"href":"https:\/\/proexatas.com\/index.php\/wp-json\/wp\/v2\/users\/1"}],"replies":[{"embeddable":true,"href":"https:\/\/proexatas.com\/index.php\/wp-json\/wp\/v2\/comments?post=325"}],"version-history":[{"count":10,"href":"https:\/\/proexatas.com\/index.php\/wp-json\/wp\/v2\/pages\/325\/revisions"}],"predecessor-version":[{"id":1283,"href":"https:\/\/proexatas.com\/index.php\/wp-json\/wp\/v2\/pages\/325\/revisions\/1283"}],"wp:attachment":[{"href":"https:\/\/proexatas.com\/index.php\/wp-json\/wp\/v2\/media?parent=325"}],"curies":[{"name":"wp","href":"https:\/\/api.w.org\/{rel}","templated":true}]}}