{"id":317,"date":"2023-05-01T10:41:04","date_gmt":"2023-05-01T13:41:04","guid":{"rendered":"https:\/\/proexatas.com\/?page_id=317"},"modified":"2026-03-06T15:11:27","modified_gmt":"2026-03-06T18:11:27","slug":"publicacoes-de-matematica","status":"publish","type":"page","link":"https:\/\/proexatas.com\/index.php\/publicacoes-de-matematica\/","title":{"rendered":"Publica\u00e7\u00f5es de Matem\u00e1tica"},"content":{"rendered":"\n<p><em><a href=\"https:\/\/proexatas.com\/wp-content\/uploads\/2026\/03\/Lista-Especial-1-3\u00b0.pdf\" target=\"_blank\" rel=\"noreferrer noopener\">Lista 01 de Matem\u00e1tica &#8211; \u00c1lgebra de Fun\u00e7\u00f5es &#8211; Por Prof. Maluf<\/a><\/em><\/p>\n\n\n\n<p><\/p>\n","protected":false},"excerpt":{"rendered":"<p>Lista 01 de Matem\u00e1tica &#8211; \u00c1lgebra de Fun\u00e7\u00f5es &#8211; Por Prof. Maluf<\/p>\n","protected":false},"author":1,"featured_media":0,"parent":0,"menu_order":0,"comment_status":"closed","ping_status":"closed","template":"","meta":{"_themeisle_gutenberg_block_has_review":false,"footnotes":""},"class_list":["post-317","page","type-page","status-publish","hentry"],"jetpack_sharing_enabled":true,"_links":{"self":[{"href":"https:\/\/proexatas.com\/index.php\/wp-json\/wp\/v2\/pages\/317","targetHints":{"allow":["GET"]}}],"collection":[{"href":"https:\/\/proexatas.com\/index.php\/wp-json\/wp\/v2\/pages"}],"about":[{"href":"https:\/\/proexatas.com\/index.php\/wp-json\/wp\/v2\/types\/page"}],"author":[{"embeddable":true,"href":"https:\/\/proexatas.com\/index.php\/wp-json\/wp\/v2\/users\/1"}],"replies":[{"embeddable":true,"href":"https:\/\/proexatas.com\/index.php\/wp-json\/wp\/v2\/comments?post=317"}],"version-history":[{"count":4,"href":"https:\/\/proexatas.com\/index.php\/wp-json\/wp\/v2\/pages\/317\/revisions"}],"predecessor-version":[{"id":1345,"href":"https:\/\/proexatas.com\/index.php\/wp-json\/wp\/v2\/pages\/317\/revisions\/1345"}],"wp:attachment":[{"href":"https:\/\/proexatas.com\/index.php\/wp-json\/wp\/v2\/media?parent=317"}],"curies":[{"name":"wp","href":"https:\/\/api.w.org\/{rel}","templated":true}]}}