{"id":303,"date":"2023-05-01T10:25:11","date_gmt":"2023-05-01T13:25:11","guid":{"rendered":"https:\/\/proexatas.com\/?page_id=303"},"modified":"2025-04-04T14:53:17","modified_gmt":"2025-04-04T17:53:17","slug":"banco-de-fisica","status":"publish","type":"page","link":"https:\/\/proexatas.com\/index.php\/banco-de-fisica\/","title":{"rendered":"Banco de F\u00edsica"},"content":{"rendered":"\n<div class=\"wp-block-columns is-layout-flex wp-container-core-columns-is-layout-28f84493 wp-block-columns-is-layout-flex\">\n<div class=\"wp-block-column is-layout-flow wp-block-column-is-layout-flow\">\n<p class=\"has-text-align-center\"><a href=\"https:\/\/proexatas.com\/index.php\/cinematica\/\"><em>\u2022 Cinem\u00e1tica<\/em><\/a><\/p>\n\n\n\n<p class=\"has-text-align-center\"><a href=\"https:\/\/proexatas.com\/index.php\/dinamica\/\" data-type=\"page\" data-id=\"1242\"><em>\u2022 <\/em>Din\u00e2mica<\/a><\/p>\n\n\n\n<p class=\"has-text-align-center\">Est\u00e1tica<\/p>\n\n\n\n<p class=\"has-text-align-center\">Hidrost\u00e1tica<\/p>\n\n\n\n<p class=\"has-text-align-center\">Gravita\u00e7\u00e3o<\/p>\n<\/div>\n\n\n\n<div class=\"wp-block-column is-layout-flow wp-block-column-is-layout-flow\">\n<p class=\"has-text-align-center\"><a href=\"https:\/\/proexatas.com\/index.php\/eletrostatica\/\" data-type=\"URL\" data-id=\"https:\/\/proexatas.com\/index.php\/eletrostatica\/\"><em>\u2022<\/em> <em>Eletrost\u00e1tica<\/em><\/a><\/p>\n\n\n\n<p class=\"has-text-align-center\"><a href=\"https:\/\/proexatas.com\/index.php\/eletrodinamica\/\"><em>\u2022 <\/em>Eletrodin\u00e2mica<\/a><\/p>\n\n\n\n<p class=\"has-text-align-center\">Eletromagnetismo<\/p>\n\n\n\n<p><\/p>\n<\/div>\n\n\n\n<div class=\"wp-block-column is-layout-flow wp-block-column-is-layout-flow\">\n<p class=\"has-text-align-center\">Termologia<\/p>\n\n\n\n<p class=\"has-text-align-center\"><a href=\"https:\/\/proexatas.com\/index.php\/cinematica\/\"><em>\u2022<\/em> <\/a><em><a href=\"https:\/\/proexatas.com\/index.php\/optica-geometrica\/\">\u00d3ptica Geom\u00e9trica<\/a><\/em><\/p>\n\n\n\n<p class=\"has-text-align-center\">Ondulat\u00f3ria<\/p>\n<\/div>\n<\/div>\n\n\n\n<p><\/p>\n","protected":false},"excerpt":{"rendered":"<p>\u2022 Cinem\u00e1tica \u2022 Din\u00e2mica Est\u00e1tica Hidrost\u00e1tica Gravita\u00e7\u00e3o \u2022 Eletrost\u00e1tica \u2022 Eletrodin\u00e2mica Eletromagnetismo Termologia \u2022 \u00d3ptica Geom\u00e9trica Ondulat\u00f3ria<\/p>\n","protected":false},"author":1,"featured_media":0,"parent":0,"menu_order":0,"comment_status":"closed","ping_status":"closed","template":"","meta":{"_themeisle_gutenberg_block_has_review":false,"footnotes":""},"class_list":["post-303","page","type-page","status-publish","hentry"],"jetpack_sharing_enabled":true,"_links":{"self":[{"href":"https:\/\/proexatas.com\/index.php\/wp-json\/wp\/v2\/pages\/303","targetHints":{"allow":["GET"]}}],"collection":[{"href":"https:\/\/proexatas.com\/index.php\/wp-json\/wp\/v2\/pages"}],"about":[{"href":"https:\/\/proexatas.com\/index.php\/wp-json\/wp\/v2\/types\/page"}],"author":[{"embeddable":true,"href":"https:\/\/proexatas.com\/index.php\/wp-json\/wp\/v2\/users\/1"}],"replies":[{"embeddable":true,"href":"https:\/\/proexatas.com\/index.php\/wp-json\/wp\/v2\/comments?post=303"}],"version-history":[{"count":22,"href":"https:\/\/proexatas.com\/index.php\/wp-json\/wp\/v2\/pages\/303\/revisions"}],"predecessor-version":[{"id":1270,"href":"https:\/\/proexatas.com\/index.php\/wp-json\/wp\/v2\/pages\/303\/revisions\/1270"}],"wp:attachment":[{"href":"https:\/\/proexatas.com\/index.php\/wp-json\/wp\/v2\/media?parent=303"}],"curies":[{"name":"wp","href":"https:\/\/api.w.org\/{rel}","templated":true}]}}