{"id":281,"date":"2023-05-01T10:03:07","date_gmt":"2023-05-01T13:03:07","guid":{"rendered":"https:\/\/proexatas.com\/?page_id=281"},"modified":"2026-03-09T14:40:18","modified_gmt":"2026-03-09T17:40:18","slug":"publicacoes-de-fisica","status":"publish","type":"page","link":"https:\/\/proexatas.com\/index.php\/publicacoes-de-fisica\/","title":{"rendered":"Publica\u00e7\u00f5es de F\u00edsica"},"content":{"rendered":"\n<div class=\"wp-block-columns is-layout-flex wp-container-core-columns-is-layout-28f84493 wp-block-columns-is-layout-flex\">\n<div class=\"wp-block-column is-layout-flow wp-block-column-is-layout-flow\">\n<div class=\"wp-block-group\"><div class=\"wp-block-group__inner-container is-layout-constrained wp-block-group-is-layout-constrained\">\n<p class=\"has-text-align-center\"><em><a href=\"https:\/\/proexatas.com\/wp-content\/uploads\/2023\/05\/Brazilian-Journal.pdf\">Controversial Features of Granular Superconductors<br>Studied Through the Magnetic Properties of<br>2D-Josephson Junction Arrays <\/a><\/em><\/p>\n\n\n\n<p class=\"has-text-align-center\"><em><sup>Brazilian Journal of Physics<\/sup><\/em><\/p>\n\n\n\n<p class=\"has-text-align-center\"><em><a href=\"https:\/\/www.sciencedirect.com\/science\/article\/abs\/pii\/S0038109804005496\">Influence of Nonuniform Critical Current Density Profile on Magnetic Field Behavior of AC Susceptibility in 2D Josephson Junction Arrays<\/a><\/em><\/p>\n\n\n\n<p class=\"has-text-align-center\"><sup><em>Solid State Communications<\/em><\/sup><\/p>\n<\/div><\/div>\n<\/div>\n\n\n\n<div class=\"wp-block-column is-layout-flow wp-block-column-is-layout-flow\">\n<p class=\"has-text-align-center\"><em><a href=\"https:\/\/proexatas.com\/wp-content\/uploads\/2023\/05\/o-fascinante-mundo-dos-materiais.pdf\">O Fascinante Mundo dos Materiais Supercondutores<\/a><\/em><\/p>\n\n\n\n<p class=\"has-text-align-center\"><em><sup>Univerci\u00eancia, Revista. UFSCar.<\/sup><\/em><\/p>\n\n\n\n<p class=\"has-text-align-center\"><em><a href=\"https:\/\/proexatas.com\/wp-content\/uploads\/2023\/05\/On-the-origin-of-reentrance.pdf\">On the Origin of Reentrance in 2D Josephson Junction Arrays<\/a><\/em><\/p>\n\n\n\n<p class=\"has-text-align-center\"><sup><em>European Physical Journal. B, Condensed Matter and Complex Systems<\/em><\/sup><\/p>\n<\/div>\n<\/div>\n\n\n\n<hr class=\"wp-block-separator has-alpha-channel-opacity\"\/>\n\n\n\n<p><em><a href=\"https:\/\/proexatas.com\/wp-content\/uploads\/2026\/03\/Coulomb-01.pdf\" target=\"_blank\" rel=\"noreferrer noopener\">Lei de Coulomb &#8211; Ex. de Aplica\u00e7\u00e3o 01 &#8211; Prof. Maluf<\/a><\/em><\/p>\n\n\n\n<hr class=\"wp-block-separator has-alpha-channel-opacity\"\/>\n\n\n\n\n\n<p><\/p>\n","protected":false},"excerpt":{"rendered":"<p>Controversial Features of Granular SuperconductorsStudied Through the Magnetic Properties of2D-Josephson Junction Arrays Brazilian Journal of Physics Influence of Nonuniform Critical Current Density Profile on Magnetic Field Behavior of AC Susceptibility in 2D Josephson Junction Arrays Solid State Communications O Fascinante Mundo dos Materiais Supercondutores Univerci\u00eancia, Revista. UFSCar. On the Origin [&hellip;]<\/p>\n","protected":false},"author":1,"featured_media":0,"parent":0,"menu_order":0,"comment_status":"closed","ping_status":"closed","template":"","meta":{"_themeisle_gutenberg_block_has_review":false,"footnotes":""},"class_list":["post-281","page","type-page","status-publish","hentry"],"jetpack_sharing_enabled":true,"_links":{"self":[{"href":"https:\/\/proexatas.com\/index.php\/wp-json\/wp\/v2\/pages\/281","targetHints":{"allow":["GET"]}}],"collection":[{"href":"https:\/\/proexatas.com\/index.php\/wp-json\/wp\/v2\/pages"}],"about":[{"href":"https:\/\/proexatas.com\/index.php\/wp-json\/wp\/v2\/types\/page"}],"author":[{"embeddable":true,"href":"https:\/\/proexatas.com\/index.php\/wp-json\/wp\/v2\/users\/1"}],"replies":[{"embeddable":true,"href":"https:\/\/proexatas.com\/index.php\/wp-json\/wp\/v2\/comments?post=281"}],"version-history":[{"count":16,"href":"https:\/\/proexatas.com\/index.php\/wp-json\/wp\/v2\/pages\/281\/revisions"}],"predecessor-version":[{"id":1351,"href":"https:\/\/proexatas.com\/index.php\/wp-json\/wp\/v2\/pages\/281\/revisions\/1351"}],"wp:attachment":[{"href":"https:\/\/proexatas.com\/index.php\/wp-json\/wp\/v2\/media?parent=281"}],"curies":[{"name":"wp","href":"https:\/\/api.w.org\/{rel}","templated":true}]}}