{"id":1242,"date":"2025-04-03T16:35:00","date_gmt":"2025-04-03T19:35:00","guid":{"rendered":"https:\/\/proexatas.com\/?page_id=1242"},"modified":"2025-04-03T17:28:44","modified_gmt":"2025-04-03T20:28:44","slug":"dinamica","status":"publish","type":"page","link":"https:\/\/proexatas.com\/index.php\/dinamica\/","title":{"rendered":"Din\u00e2mica"},"content":{"rendered":"\n<h4 id=\"wp-block-themeisle-blocks-advanced-heading-12a2f866\" class=\"wp-block-themeisle-blocks-advanced-heading wp-block-themeisle-blocks-advanced-heading-12a2f866\"><em><strong>Leis de Newton<\/strong><\/em><\/h4>\n\n\n<hr \/>\n<p style=\"text-align: justify;\"><strong>Q-01) <\/strong>Em uma aula de F\u00edsica, durante uma revis\u00e3o sobre os conceitos fundamentais da mec\u00e2nica cl\u00e1ssica, o professor decidiu testar o entendimento dos alunos. Ap\u00f3s relembrar as leis de Newton e outros princ\u00edpios b\u00e1sicos da mec\u00e2nica, ele fez as seguintes afirma\u00e7\u00f5es sobre o comportamento dos corpos sob a a\u00e7\u00e3o de for\u00e7as para que os alunos as julgassem:<\/p>\n<p>I. A lei da in\u00e9rcia afirma que, quando o corpo est\u00e1 em estado de equil\u00edbrio, est\u00e1tico ou din\u00e2mico, a for\u00e7a resultante sobre ele \u00e9 nula.<\/p>\n<p>II. O m\u00f3dulo da for\u00e7a resultante de duas for\u00e7as, <strong>F<sub>1<\/sub><\/strong> e<strong> F<sub>2<\/sub><\/strong>, \u00e9 sempre o mesmo, independentemente da orienta\u00e7\u00e3o entre<strong> F<sub>1<\/sub><\/strong> e<strong> F<sub>2<\/sub><\/strong>.<\/p>\n<p>III. De acordo com a terceira lei de Newton, as duas for\u00e7as a\u00e7\u00e3o e rea\u00e7\u00e3o podem-se anular quando atuam sobre o mesmo corpo.<\/p>\n<p>Considerando as afirma\u00e7\u00f5es do professor, os alunos responderam acertadamente que est\u00e1 correto somente o que consta em<\/p>\n<p>a) I.<\/p>\n<p>b) I e II.<\/p>\n<p>c) II e III.<\/p>\n<p>d) III.<\/p>\n\n\n<div id=\"wp-block-themeisle-blocks-accordion-029a53d3\" class=\"wp-block-themeisle-blocks-accordion exclusive\">\n<details class=\"wp-block-themeisle-blocks-accordion-item\"><summary class=\"wp-block-themeisle-blocks-accordion-item__title\"><div>Visualizar alternativa correta \/ coment\u00e1rio da quest\u00e3o<\/div><\/summary><div class=\"wp-block-themeisle-blocks-accordion-item__content\">\n<p><strong>Alternativa correta (A)<\/strong>\u00a0\u2013 Observar que For\u00e7a \u00e9 grandeza vetorial e dessa forma a dire\u00e7\u00e3o e o sentido dos vetores, influenciam o c\u00e1lculo da resultante. <\/p>\n\n\n\n<p>A\u00e7\u00e3o e rea\u00e7\u00e3o nunca se equilibram, uma vez que est\u00e3o aplicadas em corpos distintos.<\/p>\n<\/div><\/details>\n<\/div>\n\n\n<p style=\"text-align: justify;\"><strong>Q-02)\u00a0<\/strong>Em seu projeto para uma feira de ci\u00eancias, uma estudante decide reproduzir o experimento hist\u00f3rico de Joule sobre o \u201cequivalente mec\u00e2nico do calor\u201d. Ela ent\u00e3o monta o aparato esquematizado na figura abaixo. No experimento, a estudante deixa cair um bloco preso a uma corda que passa por uma roldana e cujo movimento faz girar p\u00e1s que agitam o l\u00edquido contido em um calor\u00edmetro termicamente isolado.<\/p>\n\n\n<figure class=\"wp-block-image size-full is-resized\"><img loading=\"lazy\" decoding=\"async\" width=\"486\" height=\"674\" src=\"https:\/\/proexatas.com\/wp-content\/uploads\/2025\/04\/image-1.png\" alt=\"\" class=\"wp-image-1252\" style=\"width:256px;height:auto\" srcset=\"https:\/\/proexatas.com\/wp-content\/uploads\/2025\/04\/image-1.png 486w, https:\/\/proexatas.com\/wp-content\/uploads\/2025\/04\/image-1-216x300.png 216w\" sizes=\"auto, (max-width: 486px) 100vw, 486px\" \/><\/figure>\n\n\n<p><strong>Note e adote:<\/strong><\/p>\n<p>Acelera\u00e7\u00e3o da gravidade: g = 10 m\/s<sup>2<\/sup>.<\/p>\n<p>Suponha que a corda seja inextens\u00edvel e que a roldana tenha massa desprez\u00edvel.<\/p>\n<p>Despreze todos os atritos, exceto a resist\u00eancia do l\u00edquido ao movimento das p\u00e1s.<\/p>\n<p>Despreze as dimens\u00f5es do bloco.<\/p>\n<p>a) O bloco, de massa igual a 5 kg, cai com velocidade praticamente constante. Qual \u00e9 a for\u00e7a de tra\u00e7\u00e3o na corda?<\/p>\n<p style=\"text-align: justify;\">b) Suponha que o bloco caia at\u00e9 o ch\u00e3o, partindo de uma altura de 50 cm. Entre o in\u00edcio e o final da queda, determine o trabalho mec\u00e2nico realizado pela for\u00e7a peso sobre o bloco e a varia\u00e7\u00e3o da energia potencial gravitacional do sistema formado pelo bloco e pela Terra.<\/p>\n<p style=\"text-align: justify;\">c) Suponha agora que o bloco seja substitu\u00eddo por outro e que, durante a queda desse novo bloco, a for\u00e7a peso atuando sobre ele realize um trabalho de m\u00f3dulo igual a 70 J. Suponha ainda que o l\u00edquido no calor\u00edmetro tenha massa de 10 kg, que seu calor espec\u00edfico seja de 2000 J kg<sup>-1<\/sup> K<sup>-1<\/sup> e que o term\u00f4metro utilizado pela estudante tenha precis\u00e3o de 0,1 K. A estudante conseguir\u00e1 medir a varia\u00e7\u00e3o de temperatura do l\u00edquido provocada pela queda do bloco? Justifique a sua resposta.<\/p>\n\n\n<div id=\"wp-block-themeisle-blocks-accordion-8e2796e5\" class=\"wp-block-themeisle-blocks-accordion exclusive\">\n<details class=\"wp-block-themeisle-blocks-accordion-item\"><summary class=\"wp-block-themeisle-blocks-accordion-item__title\"><div>Visualizar alternativa correta \/ coment\u00e1rio da quest\u00e3o<\/div><\/summary><div class=\"wp-block-themeisle-blocks-accordion-item__content\">\n<p style=\"text-align: justify;\">a) Pelo Princ\u00edpio da In\u00e9rcia, se o movimento \u00e9 retil\u00edneo e uniforme (MRU) a resultante das for\u00e7as \u00e9 nula. Assim:<\/p>\n\n\n\n<figure class=\"wp-block-image size-full is-resized\"><img loading=\"lazy\" decoding=\"async\" width=\"562\" height=\"47\" src=\"https:\/\/proexatas.com\/wp-content\/uploads\/2025\/04\/image-2.png\" alt=\"\" class=\"wp-image-1253\" style=\"width:262px;height:auto\" srcset=\"https:\/\/proexatas.com\/wp-content\/uploads\/2025\/04\/image-2.png 562w, https:\/\/proexatas.com\/wp-content\/uploads\/2025\/04\/image-2-300x25.png 300w\" sizes=\"auto, (max-width: 562px) 100vw, 562px\" \/><\/figure>\n\n\n\n<p><strong>\u00a0<\/strong>b) <\/p>\n\n\n\n<figure class=\"wp-block-image size-full is-resized\"><img loading=\"lazy\" decoding=\"async\" width=\"1010\" height=\"59\" src=\"https:\/\/proexatas.com\/wp-content\/uploads\/2025\/04\/image-3.png\" alt=\"\" class=\"wp-image-1254\" style=\"width:462px;height:auto\" srcset=\"https:\/\/proexatas.com\/wp-content\/uploads\/2025\/04\/image-3.png 1010w, https:\/\/proexatas.com\/wp-content\/uploads\/2025\/04\/image-3-300x18.png 300w, https:\/\/proexatas.com\/wp-content\/uploads\/2025\/04\/image-3-768x45.png 768w, https:\/\/proexatas.com\/wp-content\/uploads\/2025\/04\/image-3-600x35.png 600w\" sizes=\"auto, (max-width: 1010px) 100vw, 1010px\" \/><\/figure>\n\n\n\n<p>Pelo Teorema da Energia Potencial:<\/p>\n\n\n\n<figure class=\"wp-block-image size-full is-resized\"><img loading=\"lazy\" decoding=\"async\" width=\"886\" height=\"60\" src=\"https:\/\/proexatas.com\/wp-content\/uploads\/2025\/04\/image-4.png\" alt=\"\" class=\"wp-image-1255\" style=\"width:411px;height:auto\" srcset=\"https:\/\/proexatas.com\/wp-content\/uploads\/2025\/04\/image-4.png 886w, https:\/\/proexatas.com\/wp-content\/uploads\/2025\/04\/image-4-300x20.png 300w, https:\/\/proexatas.com\/wp-content\/uploads\/2025\/04\/image-4-768x52.png 768w, https:\/\/proexatas.com\/wp-content\/uploads\/2025\/04\/image-4-600x41.png 600w\" sizes=\"auto, (max-width: 886px) 100vw, 886px\" \/><\/figure>\n\n\n\n<p style=\"text-align: justify;\">c) Considerando que toda a energia dissipada na queda (70<sup> <\/sup>J) seja transformada em calor pelo atrito, aplicando a equa\u00e7\u00e3o do calor sens\u00edvel, t\u00eam-se:<\/p>\n\n\n\n<figure class=\"wp-block-image size-full is-resized\"><img loading=\"lazy\" decoding=\"async\" width=\"1002\" height=\"98\" src=\"https:\/\/proexatas.com\/wp-content\/uploads\/2025\/04\/image-5.png\" alt=\"\" class=\"wp-image-1256\" style=\"width:473px;height:auto\" srcset=\"https:\/\/proexatas.com\/wp-content\/uploads\/2025\/04\/image-5.png 1002w, https:\/\/proexatas.com\/wp-content\/uploads\/2025\/04\/image-5-300x29.png 300w, https:\/\/proexatas.com\/wp-content\/uploads\/2025\/04\/image-5-768x75.png 768w, https:\/\/proexatas.com\/wp-content\/uploads\/2025\/04\/image-5-600x59.png 600w\" sizes=\"auto, (max-width: 1002px) 100vw, 1002px\" \/><\/figure>\n\n\n\n<p style=\"text-align: justify;\">Como o valor obtido \u00e9 menor que a precis\u00e3o do term\u00f4metro \u00a0a estudante n\u00e3o conseguir\u00e1 medir a varia\u00e7\u00e3o de temperatura do l\u00edquido. <strong>\u00a0<\/strong><\/p>\n<\/div><\/details>\n<\/div>\n\n\n<p style=\"text-align: justify;\"><strong>Q-03)\u00a0<\/strong>De maneira criativa, uma mercearia utiliza cordas e roldanas para expor 3 pe\u00e7as de salame, de 400 g cada, conforme a figura.\u00a0<\/p>\n\n\n<figure class=\"wp-block-image size-full is-resized\"><img loading=\"lazy\" decoding=\"async\" width=\"732\" height=\"599\" src=\"https:\/\/proexatas.com\/wp-content\/uploads\/2025\/04\/image-6.png\" alt=\"\" class=\"wp-image-1261\" style=\"width:510px;height:auto\" srcset=\"https:\/\/proexatas.com\/wp-content\/uploads\/2025\/04\/image-6.png 732w, https:\/\/proexatas.com\/wp-content\/uploads\/2025\/04\/image-6-300x245.png 300w, https:\/\/proexatas.com\/wp-content\/uploads\/2025\/04\/image-6-600x491.png 600w\" sizes=\"auto, (max-width: 732px) 100vw, 732px\" \/><\/figure>\n\n\n<p>Sabendo que a acelera\u00e7\u00e3o da gravidade local vale 10 m\/s<sup>2<\/sup>, os m\u00f3dulos das tra\u00e7\u00f5es T<sub>1<\/sub>, T<sub>2<\/sub> e T<sub>3<\/sub>, nas cordas que sustentam as pe\u00e7as, s\u00e3o, respectivamente,<\/p>\n<p>a) 4 N, 4 N e 4 N.<\/p>\n<p>b) 2 N, 1 N e 4 N.<\/p>\n<p>c) 4 N, 2 N e 2 N.<\/p>\n<p>d) 4 N, 4 N e 2 N.<\/p>\n<p>e) 2 N, 4 N e 1 N.<\/p>\n\n\n<div id=\"wp-block-themeisle-blocks-accordion-ab5f847e\" class=\"wp-block-themeisle-blocks-accordion exclusive\">\n<details class=\"wp-block-themeisle-blocks-accordion-item\"><summary class=\"wp-block-themeisle-blocks-accordion-item__title\"><div>Visualizar alternativa correta \/ coment\u00e1rio da quest\u00e3o<\/div><\/summary><div class=\"wp-block-themeisle-blocks-accordion-item__content\">\n<p style=\"text-align: justify;\"><strong>Alternativa correta (A)<\/strong>\u00a0\u2013 Em cada caso, agem na pe\u00e7a apenas o peso e a tra\u00e7\u00e3o no fio. Como a pe\u00e7a est\u00e1 em equil\u00edbrio a resultante dessas for\u00e7as deve ser nula; assim, nos tr\u00eas casos, os m\u00f3dulos das tra\u00e7\u00f5es t\u00eam a mesma intensidade do peso da pe\u00e7a de salame.<\/p>\n\n\n\n<figure class=\"wp-block-image size-full is-resized\"><img loading=\"lazy\" decoding=\"async\" width=\"705\" height=\"55\" src=\"https:\/\/proexatas.com\/wp-content\/uploads\/2025\/04\/image-7.png\" alt=\"\" class=\"wp-image-1264\" style=\"width:467px;height:auto\" srcset=\"https:\/\/proexatas.com\/wp-content\/uploads\/2025\/04\/image-7.png 705w, https:\/\/proexatas.com\/wp-content\/uploads\/2025\/04\/image-7-300x23.png 300w, https:\/\/proexatas.com\/wp-content\/uploads\/2025\/04\/image-7-600x47.png 600w\" sizes=\"auto, (max-width: 705px) 100vw, 705px\" \/><\/figure>\n<\/div><\/details>\n<\/div>\n","protected":false},"excerpt":{"rendered":"<p>Q-01) Em uma aula de F\u00edsica, durante uma revis\u00e3o sobre os conceitos fundamentais da mec\u00e2nica cl\u00e1ssica, o professor decidiu testar o entendimento dos alunos. Ap\u00f3s relembrar as leis de Newton e outros princ\u00edpios b\u00e1sicos da mec\u00e2nica, ele fez as seguintes afirma\u00e7\u00f5es sobre o comportamento dos corpos sob a a\u00e7\u00e3o de [&hellip;]<\/p>\n","protected":false},"author":1,"featured_media":0,"parent":0,"menu_order":0,"comment_status":"closed","ping_status":"closed","template":"","meta":{"_themeisle_gutenberg_block_has_review":false,"footnotes":""},"class_list":["post-1242","page","type-page","status-publish","hentry"],"jetpack_sharing_enabled":true,"_links":{"self":[{"href":"https:\/\/proexatas.com\/index.php\/wp-json\/wp\/v2\/pages\/1242","targetHints":{"allow":["GET"]}}],"collection":[{"href":"https:\/\/proexatas.com\/index.php\/wp-json\/wp\/v2\/pages"}],"about":[{"href":"https:\/\/proexatas.com\/index.php\/wp-json\/wp\/v2\/types\/page"}],"author":[{"embeddable":true,"href":"https:\/\/proexatas.com\/index.php\/wp-json\/wp\/v2\/users\/1"}],"replies":[{"embeddable":true,"href":"https:\/\/proexatas.com\/index.php\/wp-json\/wp\/v2\/comments?post=1242"}],"version-history":[{"count":6,"href":"https:\/\/proexatas.com\/index.php\/wp-json\/wp\/v2\/pages\/1242\/revisions"}],"predecessor-version":[{"id":1265,"href":"https:\/\/proexatas.com\/index.php\/wp-json\/wp\/v2\/pages\/1242\/revisions\/1265"}],"wp:attachment":[{"href":"https:\/\/proexatas.com\/index.php\/wp-json\/wp\/v2\/media?parent=1242"}],"curies":[{"name":"wp","href":"https:\/\/api.w.org\/{rel}","templated":true}]}}